{"id":316,"date":"2024-04-15T17:12:07","date_gmt":"2024-04-15T23:12:07","guid":{"rendered":"https:\/\/trabucoradio.com\/home\/?page_id=316"},"modified":"2024-04-15T17:12:07","modified_gmt":"2024-04-15T23:12:07","slug":"no-sere-mas-de-lo-mismo-carolina-unda-%f0%9f%91%87%f0%9f%9f%a0","status":"publish","type":"page","link":"https:\/\/trabucoradio.com\/home\/?page_id=316","title":{"rendered":"\u00abNO SER\u00c9 M\u00c1S DE LO MISMO\u201d: CAROLINA UNDA \ud83d\udc47\ud83d\udfe0"},"content":{"rendered":"<p>\u00abNO SER\u00c9 M\u00c1S DE LO MISMO\u201d: CAROLINA UNDA \ud83d\udc47\ud83d\udfe0<\/p>\n<p>A un mes de iniciar su campa\u00f1a en busca de la presidencia municipal de #Ca\u0301rdenas, la candidata de Movimiento Ciudadano, Carolina Unda Rosique, vaticin\u00f3 que, en el municipio de la ca\u00f1a, \u201cla vieja pol\u00edtica quedar\u00e1 atr\u00e1s\u201d, a su vez afirm\u00f3 que, si este 02 de junio el pueblo cardenense le da el voto de confianza, ser\u00e1 una administradora con un \u201cgobierno de audiencia y no de escritorio\u201d, donde las puertas del Ayuntamiento siempre estar\u00e1n abiertas para recibir, atender y escuchar a la ciudadan\u00eda. <\/p>\n<p>Esta tarde, en el noticiero de Trabuco Noticias, con Miguel \u00c1ngel Buitron \u00c1lvarez y Yessica Mar\u00edn Ramos, estuvo la abandera de MC a la alcald\u00eda de C\u00e1rdenas, Carolina Unda, quien se dijo contenta con el recibimiento y la aceptaci\u00f3n que ha tenido del pueblo cardenense en los recorridos casa por casa que ha hecho en las distintas colonias y comunidades del municipio. Si bien, es la primera vez que participa en un proceso electoral, dej\u00f3 en claro que \u201cno ser\u00e1 m\u00e1s de lo mismo\u201d y que su compromiso estar\u00e1 totalmente con la ciudadan\u00eda, de all\u00ed que tenga propuestas reales que s\u00ed se puedan cumplir, asever\u00f3. <\/p>\n<p>Sobre el debate que se realizar\u00e1 entre los candidatos a la alcald\u00eda municipal de C\u00e1rdenas el pr\u00f3ximo 16 de mayo, la tambi\u00e9n catedr\u00e1tica, reiter\u00f3 su entusiasmo por participar y dej\u00f3 en claro que se est\u00e1 preparando arduamente para demostrar \u201cque los rostros nuevos\u201d s\u00ed pueden gobernar. <\/p>\n","protected":false},"excerpt":{"rendered":"<p>\u00abNO SER\u00c9 M\u00c1S DE LO MISMO\u201d: CAROLINA UNDA \ud83d\udc47\ud83d\udfe0 A un mes de iniciar su campa\u00f1a en busca de la presidencia municipal de #Ca\u0301rdenas, la candidata de Movimiento Ciudadano, Carolina Unda Rosique, vaticin\u00f3 que, en el municipio de la ca\u00f1a, \u201cla vieja pol\u00edtica quedar\u00e1 atr\u00e1s\u201d, a su vez afirm\u00f3 que, si este 02 de junio [&hellip;]<\/p>\n","protected":false},"author":1,"featured_media":317,"parent":0,"menu_order":0,"comment_status":"closed","ping_status":"closed","template":"","meta":{"footnotes":""},"class_list":["post-316","page","type-page","status-publish","has-post-thumbnail","hentry"],"_links":{"self":[{"href":"https:\/\/trabucoradio.com\/home\/index.php?rest_route=\/wp\/v2\/pages\/316","targetHints":{"allow":["GET"]}}],"collection":[{"href":"https:\/\/trabucoradio.com\/home\/index.php?rest_route=\/wp\/v2\/pages"}],"about":[{"href":"https:\/\/trabucoradio.com\/home\/index.php?rest_route=\/wp\/v2\/types\/page"}],"author":[{"embeddable":true,"href":"https:\/\/trabucoradio.com\/home\/index.php?rest_route=\/wp\/v2\/users\/1"}],"replies":[{"embeddable":true,"href":"https:\/\/trabucoradio.com\/home\/index.php?rest_route=%2Fwp%2Fv2%2Fcomments&post=316"}],"version-history":[{"count":1,"href":"https:\/\/trabucoradio.com\/home\/index.php?rest_route=\/wp\/v2\/pages\/316\/revisions"}],"predecessor-version":[{"id":318,"href":"https:\/\/trabucoradio.com\/home\/index.php?rest_route=\/wp\/v2\/pages\/316\/revisions\/318"}],"wp:featuredmedia":[{"embeddable":true,"href":"https:\/\/trabucoradio.com\/home\/index.php?rest_route=\/wp\/v2\/media\/317"}],"wp:attachment":[{"href":"https:\/\/trabucoradio.com\/home\/index.php?rest_route=%2Fwp%2Fv2%2Fmedia&parent=316"}],"curies":[{"name":"wp","href":"https:\/\/api.w.org\/{rel}","templated":true}]}}