{"id":243,"date":"2024-03-13T17:05:06","date_gmt":"2024-03-13T23:05:06","guid":{"rendered":"https:\/\/trabucoradio.com\/home\/?page_id=243"},"modified":"2024-03-14T15:26:54","modified_gmt":"2024-03-14T21:26:54","slug":"contactanos","status":"publish","type":"page","link":"https:\/\/trabucoradio.com\/home\/?page_id=243","title":{"rendered":"Cont\u00e1ctanos"},"content":{"rendered":"<\/style>\n<p><\/head><br \/>\n<body><\/p>\n<div class=\"container\">\n<h1>Env\u00edanos un mensaje<\/h1>\n<div class=\"contact-info\">\n<p><i class=\"fas fa-phone\"><\/i> Tel\u00e9fono: +52 (937) 688 29 89<\/p>\n<p><i class=\"fab fa-whatsapp\"><\/i> WhatsApp: +52 (993) 599 35 28<\/p>\n<p><i class=\"far fa-envelope\"><\/i> Correo electr\u00f3nico: <a href=\"mailto:trabuco_informacion@trabucoradio.com\">trabuco_informacion@trabucoradio.com<\/a><\/p>\n<\/p><\/div>\n<form action=\"#\" method=\"post\">\n            <label for=\"name\">Nombre:<\/label><br \/>\n            <input type=\"text\" id=\"name\" name=\"name\" required><br \/>\n            <label for=\"email\">Correo electr\u00f3nico:<\/label><br \/>\n            <input type=\"email\" id=\"email\" name=\"email\" required><br \/>\n            <label for=\"message\">Mensaje:<\/label><br \/>\n            <textarea id=\"message\" name=\"message\" rows=\"5\" required><\/textarea><br \/>\n            <input type=\"submit\" value=\"Enviar\"><br \/>\n        <\/form>\n<\/p><\/div>\n<p><\/body><br \/>\n<\/html><\/p>\n","protected":false},"excerpt":{"rendered":"<p>Env\u00edanos un mensaje Tel\u00e9fono: +52 (937) 688 29 89 WhatsApp: +52 (993) 599 35 28 Correo electr\u00f3nico: trabuco_informacion@trabucoradio.com Nombre: Correo electr\u00f3nico: Mensaje:<\/p>\n","protected":false},"author":1,"featured_media":0,"parent":0,"menu_order":0,"comment_status":"closed","ping_status":"closed","template":"","meta":{"footnotes":""},"class_list":["post-243","page","type-page","status-publish","hentry"],"_links":{"self":[{"href":"https:\/\/trabucoradio.com\/home\/index.php?rest_route=\/wp\/v2\/pages\/243","targetHints":{"allow":["GET"]}}],"collection":[{"href":"https:\/\/trabucoradio.com\/home\/index.php?rest_route=\/wp\/v2\/pages"}],"about":[{"href":"https:\/\/trabucoradio.com\/home\/index.php?rest_route=\/wp\/v2\/types\/page"}],"author":[{"embeddable":true,"href":"https:\/\/trabucoradio.com\/home\/index.php?rest_route=\/wp\/v2\/users\/1"}],"replies":[{"embeddable":true,"href":"https:\/\/trabucoradio.com\/home\/index.php?rest_route=%2Fwp%2Fv2%2Fcomments&post=243"}],"version-history":[{"count":15,"href":"https:\/\/trabucoradio.com\/home\/index.php?rest_route=\/wp\/v2\/pages\/243\/revisions"}],"predecessor-version":[{"id":263,"href":"https:\/\/trabucoradio.com\/home\/index.php?rest_route=\/wp\/v2\/pages\/243\/revisions\/263"}],"wp:attachment":[{"href":"https:\/\/trabucoradio.com\/home\/index.php?rest_route=%2Fwp%2Fv2%2Fmedia&parent=243"}],"curies":[{"name":"wp","href":"https:\/\/api.w.org\/{rel}","templated":true}]}}